{"id":21163,"date":"2025-08-07T18:39:45","date_gmt":"2025-08-07T18:39:45","guid":{"rendered":"https:\/\/solfmdigital.com\/lagrupera\/?page_id=21163"},"modified":"2026-03-02T19:14:53","modified_gmt":"2026-03-02T19:14:53","slug":"conductores","status":"publish","type":"page","link":"https:\/\/solfmdigital.com\/pasionfm\/conductores\/","title":{"rendered":"Conductores"},"content":{"rendered":"\t\t<div data-elementor-type=\"wp-page\" data-elementor-id=\"21163\" class=\"elementor elementor-21163\">\n\t\t\t\t\t\t<section class=\"elementor-section elementor-top-section elementor-element elementor-element-efda3f9 elementor-section-boxed elementor-section-height-default elementor-section-height-default sc_fly_static\" data-id=\"efda3f9\" data-element_type=\"section\">\n\t\t\t\t\t\t<div class=\"elementor-container elementor-column-gap-extended\">\n\t\t\t\t\t<div class=\"elementor-column elementor-col-100 elementor-top-column elementor-element elementor-element-1ae8e27 sc_content_align_inherit sc_layouts_column_icons_position_left sc_fly_static\" data-id=\"1ae8e27\" data-element_type=\"column\">\n\t\t\t<div class=\"elementor-widget-wrap elementor-element-populated\">\n\t\t\t\t\t\t<div class=\"elementor-element elementor-element-47debb1 sc_fly_static elementor-widget elementor-widget-heading\" data-id=\"47debb1\" data-element_type=\"widget\" data-widget_type=\"heading.default\">\n\t\t\t\t<div class=\"elementor-widget-container\">\n\t\t\t\t\t<h1 class=\"elementor-heading-title elementor-size-default\">Locutores Pasion Fm<\/h1>\t\t\t\t<\/div>\n\t\t\t\t<\/div>\n\t\t\t\t\t<\/div>\n\t\t<\/div>\n\t\t\t\t\t<\/div>\n\t\t<\/section>\n\t\t\t\t<section class=\"elementor-section elementor-top-section elementor-element elementor-element-20d38a0 elementor-section-boxed elementor-section-height-default elementor-section-height-default sc_fly_static\" data-id=\"20d38a0\" data-element_type=\"section\">\n\t\t\t\t\t\t<div class=\"elementor-container elementor-column-gap-extended\">\n\t\t\t\t\t<div class=\"elementor-column elementor-col-100 elementor-top-column elementor-element elementor-element-248d551 sc_content_align_inherit sc_layouts_column_icons_position_left sc_fly_static\" data-id=\"248d551\" data-element_type=\"column\">\n\t\t\t<div class=\"elementor-widget-wrap elementor-element-populated\">\n\t\t\t\t\t\t<div class=\"elementor-element elementor-element-0db0299 sc_fly_static elementor-widget elementor-widget-html\" data-id=\"0db0299\" data-element_type=\"widget\" data-widget_type=\"html.default\">\n\t\t\t\t<div class=\"elementor-widget-container\">\n\t\t\t\t\t<nav style=\"background:#e62e94; padding:15px; text-align:center;\">\r\n  <a href=\"#dionne\" style=\"color:#fff; text-decoration:none; margin:0 15px; font-weight: bold;\">Dionne Peduzzi<\/a>\r\n  <a href=\"#vicko\" style=\"color:#fff; text-decoration:none; margin:0 15px; font-weight: bold;\">Vicko Rivera<\/a>\r\n  <a href=\"#martha\" style=\"color:#fff; text-decoration:none; margin:0 15px; font-weight: bold;\">Martha San Martin<\/a>\r\n  <a href=\"#la-ternurita\" style=\"color:#fff; text-decoration:none; margin:0 15px; font-weight: bold;\">Bervi Martinez<\/a>\r\n<\/nav>\r\n\r\n\t\t\t\t<\/div>\n\t\t\t\t<\/div>\n\t\t\t\t\t<\/div>\n\t\t<\/div>\n\t\t\t\t\t<\/div>\n\t\t<\/section>\n\t\t\t\t<section class=\"elementor-section elementor-top-section elementor-element elementor-element-d9bd8a0 elementor-section-boxed elementor-section-height-default elementor-section-height-default sc_fly_static\" data-id=\"d9bd8a0\" data-element_type=\"section\" id=\"dionne\">\n\t\t\t\t\t\t<div class=\"elementor-container elementor-column-gap-extended\">\n\t\t\t\t\t<div class=\"elementor-column elementor-col-50 elementor-top-column elementor-element elementor-element-4e1dcef sc_content_align_inherit sc_layouts_column_icons_position_left sc_fly_static\" data-id=\"4e1dcef\" data-element_type=\"column\">\n\t\t\t<div class=\"elementor-widget-wrap elementor-element-populated\">\n\t\t\t\t\t\t<div class=\"elementor-element elementor-element-c237e7b sc_fly_static elementor-widget elementor-widget-image\" data-id=\"c237e7b\" data-element_type=\"widget\" data-widget_type=\"image.default\">\n\t\t\t\t<div class=\"elementor-widget-container\">\n\t\t\t\t\t\t\t\t\t\t\t\t\t\t\t<img fetchpriority=\"high\" decoding=\"async\" width=\"462\" height=\"600\" src=\"https:\/\/solfmdigital.com\/pasionfm\/wp-content\/uploads\/2026\/01\/Foto-Vicko-Dionne-L-V.png\" class=\"attachment-large size-large wp-image-21854\" alt=\"\" srcset=\"https:\/\/solfmdigital.com\/pasionfm\/wp-content\/uploads\/2026\/01\/Foto-Vicko-Dionne-L-V.png 462w, https:\/\/solfmdigital.com\/pasionfm\/wp-content\/uploads\/2026\/01\/Foto-Vicko-Dionne-L-V-231x300.png 231w, https:\/\/solfmdigital.com\/pasionfm\/wp-content\/uploads\/2026\/01\/Foto-Vicko-Dionne-L-V-370x481.png 370w, https:\/\/solfmdigital.com\/pasionfm\/wp-content\/uploads\/2026\/01\/Foto-Vicko-Dionne-L-V-410x532.png 410w\" sizes=\"(max-width: 600px) 100vw, 462px\" \/>\t\t\t\t\t\t\t\t\t\t\t\t\t\t\t<\/div>\n\t\t\t\t<\/div>\n\t\t\t\t\t<\/div>\n\t\t<\/div>\n\t\t\t\t<div class=\"elementor-column elementor-col-50 elementor-top-column elementor-element elementor-element-563e6f8 sc_content_align_inherit sc_layouts_column_icons_position_left sc_fly_static\" data-id=\"563e6f8\" data-element_type=\"column\">\n\t\t\t<div class=\"elementor-widget-wrap elementor-element-populated\">\n\t\t\t\t\t\t<div class=\"elementor-element elementor-element-ba259fc sc_fly_static elementor-widget elementor-widget-heading\" data-id=\"ba259fc\" data-element_type=\"widget\" data-widget_type=\"heading.default\">\n\t\t\t\t<div class=\"elementor-widget-container\">\n\t\t\t\t\t<h2 class=\"elementor-heading-title elementor-size-default\">Dionne Peduzzi<\/h2>\t\t\t\t<\/div>\n\t\t\t\t<\/div>\n\t\t\t\t<div class=\"elementor-element elementor-element-dc626e3 sc_fly_static elementor-widget elementor-widget-text-editor\" data-id=\"dc626e3\" data-element_type=\"widget\" data-widget_type=\"text-editor.default\">\n\t\t\t\t<div class=\"elementor-widget-container\">\n\t\t\t\t\t\t\t\t\t<div class=\"elementor-element elementor-element-dd59177 elementor-widget elementor-widget-text-editor\" data-id=\"dd59177\" data-element_type=\"widget\" data-widget_type=\"text-editor.default\"><div class=\"elementor-widget-container\"><p>Dionne Peduzzi naci\u00f3 en la CDMX<br \/>el 1 de agosto de 1984, la m\u00e1s peque\u00f1a de seis hermanos. Su amor por la radio comenz\u00f3 desde muy joven, influenciada por g\u00e9neros como boleros, rock y pop.<br \/>Tras mudarse a Xalapa, estudi\u00f3 Producci\u00f3n de Radio y TV, iniciando su carrera como locutora en diversas estaciones. Despu\u00e9s de un tiempo alejada del micr\u00f3fono, regres\u00f3 a la radio, donde actualmente es parte de Pasi\u00f3n FM 104.3.<br \/>Dionne es una mujer alegre, espiritual y amante de la naturaleza, los mantras y el buen vino. Tambi\u00e9n es madre, hija, hermana y amiga, apasionada por la radio y siempre dispuesta a ayudar a los dem\u00e1s.<\/p><\/div><\/div><div class=\"elementor-element elementor-element-f336001 elementor-widget elementor-widget-html\" data-id=\"f336001\" data-element_type=\"widget\" data-widget_type=\"html.default\">\u00a0<\/div>\t\t\t\t\t\t\t\t<\/div>\n\t\t\t\t<\/div>\n\t\t\t\t\t<\/div>\n\t\t<\/div>\n\t\t\t\t\t<\/div>\n\t\t<\/section>\n\t\t\t\t<section class=\"elementor-section elementor-top-section elementor-element elementor-element-d804b14 elementor-section-boxed elementor-section-height-default elementor-section-height-default sc_fly_static\" data-id=\"d804b14\" data-element_type=\"section\" id=\"el-jr\">\n\t\t\t\t\t\t<div class=\"elementor-container elementor-column-gap-extended\">\n\t\t\t\t\t<div class=\"elementor-column elementor-col-100 elementor-top-column elementor-element elementor-element-4af4cd3 sc_content_align_inherit sc_layouts_column_icons_position_left sc_fly_static\" data-id=\"4af4cd3\" data-element_type=\"column\">\n\t\t\t<div class=\"elementor-widget-wrap elementor-element-populated\">\n\t\t\t\t\t\t<div class=\"elementor-element elementor-element-958f944 sc_gradient_animation_none sc_fly_static elementor-widget elementor-widget-spacer\" data-id=\"958f944\" data-element_type=\"widget\" data-widget_type=\"spacer.default\">\n\t\t\t\t<div class=\"elementor-widget-container\">\n\t\t\t\t\t\t\t<div class=\"elementor-spacer\">\n\t\t\t<div class=\"elementor-spacer-inner\"><\/div>\n\t\t<\/div>\n\t\t\t\t\t\t<\/div>\n\t\t\t\t<\/div>\n\t\t\t\t\t<\/div>\n\t\t<\/div>\n\t\t\t\t\t<\/div>\n\t\t<\/section>\n\t\t\t\t<section class=\"elementor-section elementor-top-section elementor-element elementor-element-fd51b1b elementor-section-boxed elementor-section-height-default elementor-section-height-default sc_fly_static\" data-id=\"fd51b1b\" data-element_type=\"section\" id=\"vicko\">\n\t\t\t\t\t\t<div class=\"elementor-container elementor-column-gap-extended\">\n\t\t\t\t\t<div class=\"elementor-column elementor-col-50 elementor-top-column elementor-element elementor-element-3be0682 sc_content_align_inherit sc_layouts_column_icons_position_left sc_fly_static\" data-id=\"3be0682\" data-element_type=\"column\">\n\t\t\t<div class=\"elementor-widget-wrap elementor-element-populated\">\n\t\t\t\t\t\t<div class=\"elementor-element elementor-element-d8dc9c9 sc_fly_static elementor-widget elementor-widget-heading\" data-id=\"d8dc9c9\" data-element_type=\"widget\" data-widget_type=\"heading.default\">\n\t\t\t\t<div class=\"elementor-widget-container\">\n\t\t\t\t\t<h2 class=\"elementor-heading-title elementor-size-default\">Vicko Rivera<\/h2>\t\t\t\t<\/div>\n\t\t\t\t<\/div>\n\t\t\t\t<div class=\"elementor-element elementor-element-bcf1cdb sc_fly_static elementor-widget elementor-widget-text-editor\" data-id=\"bcf1cdb\" data-element_type=\"widget\" data-widget_type=\"text-editor.default\">\n\t\t\t\t<div class=\"elementor-widget-container\">\n\t\t\t\t\t\t\t\t\t<div class=\"media-with-text__content-blocks\"><div class=\"media-with-text__content-blocks-inner\"><div class=\"content-blocks content-blocks--alignment-left became-visible\"><div class=\"content-block content-block--text ff-body rte fs-body-100\"><p>Vicko Rivera, o &#8220;Vicko Pa los Cuates&#8221;, nacido un 18 de septiembre de 1990, locutor, actor de doblaje y voiceover originario de Puebla. Ha trabajado en diversas \u00e1reas del entretenimiento y los medios, destac\u00e1ndose por su versatilidad vocal. Ha colaborado con marcas y proyectos de renombre, y su voz ha dejado una huella en la industria. Su pasi\u00f3n por el arte de la voz lo ha llevado a participar en teatro, doblaje y producci\u00f3n. Vicko se caracteriza por su autenticidad, alegr\u00eda y la conexi\u00f3n emocional que crea con su audiencia. Hoy sigue innovando y dejando su marca en la industria, siempre con buena vibra.<\/p><\/div><\/div><\/div><\/div><div class=\"media-with-text__media-wrapper\"><div class=\"media-with-text__media\">\u00a0<\/div><\/div>\t\t\t\t\t\t\t\t<\/div>\n\t\t\t\t<\/div>\n\t\t\t\t\t<\/div>\n\t\t<\/div>\n\t\t\t\t<div class=\"elementor-column elementor-col-50 elementor-top-column elementor-element elementor-element-9544140 sc_content_align_inherit sc_layouts_column_icons_position_left sc_fly_static\" data-id=\"9544140\" data-element_type=\"column\">\n\t\t\t<div class=\"elementor-widget-wrap elementor-element-populated\">\n\t\t\t\t\t\t<div class=\"elementor-element elementor-element-e80f1df sc_fly_static elementor-widget elementor-widget-image\" data-id=\"e80f1df\" data-element_type=\"widget\" data-widget_type=\"image.default\">\n\t\t\t\t<div class=\"elementor-widget-container\">\n\t\t\t\t\t\t\t\t\t\t\t\t\t\t\t<img decoding=\"async\" width=\"642\" height=\"600\" src=\"https:\/\/solfmdigital.com\/pasionfm\/wp-content\/uploads\/2026\/01\/Foto-Vicko-Rivera-L-V.png\" class=\"attachment-large size-large wp-image-21880\" alt=\"\" srcset=\"https:\/\/solfmdigital.com\/pasionfm\/wp-content\/uploads\/2026\/01\/Foto-Vicko-Rivera-L-V.png 642w, https:\/\/solfmdigital.com\/pasionfm\/wp-content\/uploads\/2026\/01\/Foto-Vicko-Rivera-L-V-300x280.png 300w, https:\/\/solfmdigital.com\/pasionfm\/wp-content\/uploads\/2026\/01\/Foto-Vicko-Rivera-L-V-370x346.png 370w, https:\/\/solfmdigital.com\/pasionfm\/wp-content\/uploads\/2026\/01\/Foto-Vicko-Rivera-L-V-410x383.png 410w\" sizes=\"(max-width: 642px) 100vw, 642px\" \/>\t\t\t\t\t\t\t\t\t\t\t\t\t\t\t<\/div>\n\t\t\t\t<\/div>\n\t\t\t\t\t<\/div>\n\t\t<\/div>\n\t\t\t\t\t<\/div>\n\t\t<\/section>\n\t\t\t\t<section class=\"elementor-section elementor-top-section elementor-element elementor-element-eedc04f elementor-section-boxed elementor-section-height-default elementor-section-height-default sc_fly_static\" data-id=\"eedc04f\" data-element_type=\"section\">\n\t\t\t\t\t\t<div class=\"elementor-container elementor-column-gap-extended\">\n\t\t\t\t\t<div class=\"elementor-column elementor-col-100 elementor-top-column elementor-element elementor-element-4a127eb sc_content_align_inherit sc_layouts_column_icons_position_left sc_fly_static\" data-id=\"4a127eb\" data-element_type=\"column\">\n\t\t\t<div class=\"elementor-widget-wrap elementor-element-populated\">\n\t\t\t\t\t\t<div class=\"elementor-element elementor-element-56fccbe sc_gradient_animation_none sc_fly_static elementor-widget elementor-widget-spacer\" data-id=\"56fccbe\" data-element_type=\"widget\" data-widget_type=\"spacer.default\">\n\t\t\t\t<div class=\"elementor-widget-container\">\n\t\t\t\t\t\t\t<div class=\"elementor-spacer\">\n\t\t\t<div class=\"elementor-spacer-inner\"><\/div>\n\t\t<\/div>\n\t\t\t\t\t\t<\/div>\n\t\t\t\t<\/div>\n\t\t\t\t\t<\/div>\n\t\t<\/div>\n\t\t\t\t\t<\/div>\n\t\t<\/section>\n\t\t\t\t<section class=\"elementor-section elementor-top-section elementor-element elementor-element-7626b56 elementor-section-boxed elementor-section-height-default elementor-section-height-default sc_fly_static\" data-id=\"7626b56\" data-element_type=\"section\" id=\"martha\">\n\t\t\t\t\t\t<div class=\"elementor-container elementor-column-gap-extended\">\n\t\t\t\t\t<div class=\"elementor-column elementor-col-50 elementor-top-column elementor-element elementor-element-1d276bf sc_content_align_inherit sc_layouts_column_icons_position_left sc_fly_static\" data-id=\"1d276bf\" data-element_type=\"column\">\n\t\t\t<div class=\"elementor-widget-wrap elementor-element-populated\">\n\t\t\t\t\t\t<div class=\"elementor-element elementor-element-e84e010 sc_fly_static elementor-widget elementor-widget-image\" data-id=\"e84e010\" data-element_type=\"widget\" data-widget_type=\"image.default\">\n\t\t\t\t<div class=\"elementor-widget-container\">\n\t\t\t\t\t\t\t\t\t\t\t\t\t\t\t<img decoding=\"async\" width=\"683\" height=\"1024\" src=\"https:\/\/solfmdigital.com\/pasionfm\/wp-content\/uploads\/2026\/02\/martha-ok1-683x1024.png\" class=\"attachment-large size-large wp-image-21904\" alt=\"\" srcset=\"https:\/\/solfmdigital.com\/pasionfm\/wp-content\/uploads\/2026\/02\/martha-ok1-683x1024.png 683w, https:\/\/solfmdigital.com\/pasionfm\/wp-content\/uploads\/2026\/02\/martha-ok1-200x300.png 200w, https:\/\/solfmdigital.com\/pasionfm\/wp-content\/uploads\/2026\/02\/martha-ok1-768x1152.png 768w, https:\/\/solfmdigital.com\/pasionfm\/wp-content\/uploads\/2026\/02\/martha-ok1-1024x1536.png 1024w, https:\/\/solfmdigital.com\/pasionfm\/wp-content\/uploads\/2026\/02\/martha-ok1-1365x2048.png 1365w, https:\/\/solfmdigital.com\/pasionfm\/wp-content\/uploads\/2026\/02\/martha-ok1-370x555.png 370w, https:\/\/solfmdigital.com\/pasionfm\/wp-content\/uploads\/2026\/02\/martha-ok1-840x1260.png 840w, https:\/\/solfmdigital.com\/pasionfm\/wp-content\/uploads\/2026\/02\/martha-ok1-410x615.png 410w, https:\/\/solfmdigital.com\/pasionfm\/wp-content\/uploads\/2026\/02\/martha-ok1-scaled.png 1707w\" sizes=\"(max-width: 683px) 100vw, 683px\" \/>\t\t\t\t\t\t\t\t\t\t\t\t\t\t\t<\/div>\n\t\t\t\t<\/div>\n\t\t\t\t\t<\/div>\n\t\t<\/div>\n\t\t\t\t<div class=\"elementor-column elementor-col-50 elementor-top-column elementor-element elementor-element-cb889a7 sc_content_align_inherit sc_layouts_column_icons_position_left sc_fly_static\" data-id=\"cb889a7\" data-element_type=\"column\">\n\t\t\t<div class=\"elementor-widget-wrap elementor-element-populated\">\n\t\t\t\t\t\t<div class=\"elementor-element elementor-element-816d934 sc_fly_static elementor-widget elementor-widget-heading\" data-id=\"816d934\" data-element_type=\"widget\" data-widget_type=\"heading.default\">\n\t\t\t\t<div class=\"elementor-widget-container\">\n\t\t\t\t\t<h2 class=\"elementor-heading-title elementor-size-default\">Martha San Martin<\/h2>\t\t\t\t<\/div>\n\t\t\t\t<\/div>\n\t\t\t\t<div class=\"elementor-element elementor-element-f61ed77 sc_fly_static elementor-widget elementor-widget-text-editor\" data-id=\"f61ed77\" data-element_type=\"widget\" data-widget_type=\"text-editor.default\">\n\t\t\t\t<div class=\"elementor-widget-container\">\n\t\t\t\t\t\t\t\t\t<div class=\"elementor-element elementor-element-dd59177 elementor-widget elementor-widget-text-editor\" data-id=\"dd59177\" data-element_type=\"widget\" data-widget_type=\"text-editor.default\"><div class=\"elementor-widget-container\"><p data-start=\"196\" data-end=\"556\">Martha San Mart\u00edn naci\u00f3 en 1995 en Puebla, Puebla, y desde peque\u00f1a descubri\u00f3 su amor por los medios de comunicaci\u00f3n y el teatro. Su pasi\u00f3n por el escenario la llev\u00f3 a participar en obras teatrales, desarrollando su talento y confianza. M\u00e1s adelante, encontr\u00f3 en la radio el espacio perfecto para expresarse, iniciando as\u00ed su camino como locutora.<br \/><br \/>Tras explorar el mundo de las relaciones p\u00fablicas, su esencia la llev\u00f3 de vuelta a los medios, esta vez como conductora de espect\u00e1culos en televisi\u00f3n, cumpliendo otro de sus sue\u00f1os. Sin embargo, su mayor pasi\u00f3n siempre ha sido la radio, donde realmente se siente plena y conectada con su audiencia.<br \/><br \/>Hoy, con entusiasmo y autenticidad, es locutora en Pasi\u00f3n FM, donde contin\u00faa compartiendo su energ\u00eda. Alegre, aut\u00e9ntica, sensible y cari\u00f1osa, es amante del caf\u00e9, el vino, el buen chisme y de estar frente a una c\u00e1mara y un micr\u00f3fono. Martha sigue escribiendo su historia con la misma entrega que la ha acompa\u00f1ado desde el inicio.<\/p><\/div><\/div>\t\t\t\t\t\t\t\t<\/div>\n\t\t\t\t<\/div>\n\t\t\t\t\t<\/div>\n\t\t<\/div>\n\t\t\t\t\t<\/div>\n\t\t<\/section>\n\t\t\t\t<section class=\"elementor-section elementor-top-section elementor-element elementor-element-6db2ae2 elementor-section-boxed elementor-section-height-default elementor-section-height-default sc_fly_static\" data-id=\"6db2ae2\" data-element_type=\"section\">\n\t\t\t\t\t\t<div class=\"elementor-container elementor-column-gap-extended\">\n\t\t\t\t\t<div class=\"elementor-column elementor-col-100 elementor-top-column elementor-element elementor-element-3815d08 sc_content_align_inherit sc_layouts_column_icons_position_left sc_fly_static\" data-id=\"3815d08\" data-element_type=\"column\">\n\t\t\t<div class=\"elementor-widget-wrap elementor-element-populated\">\n\t\t\t\t\t\t<div class=\"elementor-element elementor-element-d254610 sc_gradient_animation_none sc_fly_static elementor-widget elementor-widget-spacer\" data-id=\"d254610\" data-element_type=\"widget\" data-widget_type=\"spacer.default\">\n\t\t\t\t<div class=\"elementor-widget-container\">\n\t\t\t\t\t\t\t<div class=\"elementor-spacer\">\n\t\t\t<div class=\"elementor-spacer-inner\"><\/div>\n\t\t<\/div>\n\t\t\t\t\t\t<\/div>\n\t\t\t\t<\/div>\n\t\t\t\t\t<\/div>\n\t\t<\/div>\n\t\t\t\t\t<\/div>\n\t\t<\/section>\n\t\t\t\t<section class=\"elementor-section elementor-top-section elementor-element elementor-element-537d420 elementor-section-boxed elementor-section-height-default elementor-section-height-default sc_fly_static\" data-id=\"537d420\" data-element_type=\"section\" id=\"la-ternurita\">\n\t\t\t\t\t\t<div class=\"elementor-container elementor-column-gap-extended\">\n\t\t\t\t\t<div class=\"elementor-column elementor-col-50 elementor-top-column elementor-element elementor-element-c58edcf sc_content_align_inherit sc_layouts_column_icons_position_left sc_fly_static\" data-id=\"c58edcf\" data-element_type=\"column\">\n\t\t\t<div class=\"elementor-widget-wrap elementor-element-populated\">\n\t\t\t\t\t\t<div class=\"elementor-element elementor-element-ca140f4 sc_fly_static elementor-widget elementor-widget-heading\" data-id=\"ca140f4\" data-element_type=\"widget\" data-widget_type=\"heading.default\">\n\t\t\t\t<div class=\"elementor-widget-container\">\n\t\t\t\t\t<h2 class=\"elementor-heading-title elementor-size-default\">Bervi Martinez<\/h2>\t\t\t\t<\/div>\n\t\t\t\t<\/div>\n\t\t\t\t<div class=\"elementor-element elementor-element-dac43da sc_fly_static elementor-widget elementor-widget-text-editor\" data-id=\"dac43da\" data-element_type=\"widget\" data-widget_type=\"text-editor.default\">\n\t\t\t\t<div class=\"elementor-widget-container\">\n\t\t\t\t\t\t\t\t\t<p data-start=\"198\" data-end=\"544\">Con una personalidad expresiva y una vibra aut\u00e9ntica, <strong data-start=\"252\" data-end=\"270\">Bervi Mart\u00ednez<\/strong> transmite frescura, seguridad y carisma al aire. Su presencia natural y actitud confiada conectan de forma inmediata con la audiencia, aportando dinamismo y cercan\u00eda en cada transmisi\u00f3n. Su estilo alegre y directo suma energ\u00eda y personalidad a la programaci\u00f3n de Pasi\u00f3n FM.<\/p>\t\t\t\t\t\t\t\t<\/div>\n\t\t\t\t<\/div>\n\t\t\t\t\t<\/div>\n\t\t<\/div>\n\t\t\t\t<div class=\"elementor-column elementor-col-50 elementor-top-column elementor-element elementor-element-e194391 sc_content_align_inherit sc_layouts_column_icons_position_left sc_fly_static\" data-id=\"e194391\" data-element_type=\"column\">\n\t\t\t<div class=\"elementor-widget-wrap elementor-element-populated\">\n\t\t\t\t\t\t<div class=\"elementor-element elementor-element-7b06be5 sc_fly_static elementor-widget elementor-widget-image\" data-id=\"7b06be5\" data-element_type=\"widget\" data-widget_type=\"image.default\">\n\t\t\t\t<div class=\"elementor-widget-container\">\n\t\t\t\t\t\t\t\t\t\t\t\t\t\t\t<img loading=\"lazy\" decoding=\"async\" width=\"429\" height=\"600\" src=\"https:\/\/solfmdigital.com\/pasionfm\/wp-content\/uploads\/2026\/01\/Foto-Bervie-Chalupa.png\" class=\"attachment-large size-large wp-image-21858\" alt=\"\" srcset=\"https:\/\/solfmdigital.com\/pasionfm\/wp-content\/uploads\/2026\/01\/Foto-Bervie-Chalupa.png 429w, https:\/\/solfmdigital.com\/pasionfm\/wp-content\/uploads\/2026\/01\/Foto-Bervie-Chalupa-215x300.png 215w, https:\/\/solfmdigital.com\/pasionfm\/wp-content\/uploads\/2026\/01\/Foto-Bervie-Chalupa-370x517.png 370w, https:\/\/solfmdigital.com\/pasionfm\/wp-content\/uploads\/2026\/01\/Foto-Bervie-Chalupa-410x573.png 410w\" sizes=\"(max-width: 600px) 100vw, 429px\" \/>\t\t\t\t\t\t\t\t\t\t\t\t\t\t\t<\/div>\n\t\t\t\t<\/div>\n\t\t\t\t\t<\/div>\n\t\t<\/div>\n\t\t\t\t\t<\/div>\n\t\t<\/section>\n\t\t\t\t<\/div>\n\t\t","protected":false},"excerpt":{"rendered":"<p>Locutores Pasion Fm Dionne Peduzzi Vicko Rivera Martha San Martin Bervi Martinez Dionne Peduzzi Dionne Peduzzi naci\u00f3 en la CDMXel 1 de agosto de 1984, la m\u00e1s peque\u00f1a de seis&hellip;<\/p>\n","protected":false},"author":1,"featured_media":0,"parent":0,"menu_order":0,"comment_status":"closed","ping_status":"closed","template":"","meta":{"footnotes":""},"class_list":["post-21163","page","type-page","status-publish","hentry"],"_links":{"self":[{"href":"https:\/\/solfmdigital.com\/pasionfm\/wp-json\/wp\/v2\/pages\/21163","targetHints":{"allow":["GET"]}}],"collection":[{"href":"https:\/\/solfmdigital.com\/pasionfm\/wp-json\/wp\/v2\/pages"}],"about":[{"href":"https:\/\/solfmdigital.com\/pasionfm\/wp-json\/wp\/v2\/types\/page"}],"author":[{"embeddable":true,"href":"https:\/\/solfmdigital.com\/pasionfm\/wp-json\/wp\/v2\/users\/1"}],"replies":[{"embeddable":true,"href":"https:\/\/solfmdigital.com\/pasionfm\/wp-json\/wp\/v2\/comments?post=21163"}],"version-history":[{"count":82,"href":"https:\/\/solfmdigital.com\/pasionfm\/wp-json\/wp\/v2\/pages\/21163\/revisions"}],"predecessor-version":[{"id":22107,"href":"https:\/\/solfmdigital.com\/pasionfm\/wp-json\/wp\/v2\/pages\/21163\/revisions\/22107"}],"wp:attachment":[{"href":"https:\/\/solfmdigital.com\/pasionfm\/wp-json\/wp\/v2\/media?parent=21163"}],"curies":[{"name":"wp","href":"https:\/\/api.w.org\/{rel}","templated":true}]}}